{"id":88,"date":"2023-09-12T13:24:25","date_gmt":"2023-09-12T13:24:25","guid":{"rendered":"https:\/\/www.lamoutarde.ch\/index.php\/page-daccueil\/"},"modified":"2023-12-14T12:48:31","modified_gmt":"2023-12-14T12:48:31","slug":"page-daccueil","status":"publish","type":"page","link":"https:\/\/www.lamoutarde.ch\/","title":{"rendered":""},"content":{"rendered":"\n<div class=\"wp-block-cover is-light has-woostify-heading-color has-text-color has-link-color has-woostify-heading-6-font-size wp-elements-eec0fd210ea3085733ef1fbb9d7f5878\" style=\"min-height:542px;aspect-ratio:unset;\"><span aria-hidden=\"true\" class=\"wp-block-cover__background has-background-dim-0 has-background-dim\"><\/span><div class=\"wp-block-cover__inner-container is-layout-flow wp-block-cover-is-layout-flow\">\n<p class=\"has-text-align-center has-large-font-size has-woostify-heading-color has-text-color has-small-font-size\"><strong>Bienvenue dans la boutique<\/strong><\/p>\n\n\n\n<p class=\"has-text-align-center has-woostify-heading-color has-text-color\"><strong>Vous \u00eates un fin gourmet amateur de moutarde artisanale ? vous \u00eates tomb\u00e9 au bon endroit.<br>Vous trouverez ici tout ce qu&rsquo;il vous faut pour vos salades, grillades et marinades.<br>Toutes ces cr\u00e9ations sont 100% \u00ab\u00a0fait maison\u00a0\u00bb<\/strong><\/p>\n\n\n\n<p class=\"has-text-align-center has-woostify-heading-color has-text-color\"><strong>Je vous souhaite de trouver votre bonheur sur ces pages.<br>Au plaisir de pouvoir vous faire parvenir votre commande.<\/strong><\/p>\n\n\n\n<p class=\"has-text-align-center has-woostify-heading-color has-text-color\"><strong>Jean-Sebastien Mueller<\/strong><\/p>\n\n\n\n<div class=\"wp-block-buttons is-content-justification-center is-layout-flex wp-container-core-buttons-is-layout-16018d1d wp-block-buttons-is-layout-flex\">\n<div class=\"wp-block-button\"><a class=\"wp-block-button__link wp-element-button\" href=\"https:\/\/www.lamoutarde.ch\/?page_id=8\">Boutique<\/a><\/div>\n<\/div>\n<\/div><\/div>\n\n\n\n<h2 class=\"wp-block-heading has-text-align-center has-white-color has-text-color\">Nouveaux produits<\/h2>\n\n\n<div data-block-name=\"woocommerce\/product-new\" class=\"wc-block-grid wp-block-product-new wp-block-woocommerce-product-new wc-block-product-new has-3-columns has-multiple-rows\"><ul class=\"wc-block-grid__products\"><li class=\"wc-block-grid__product\">\n\t\t\t\t<a href=\"https:\/\/www.lamoutarde.ch\/?product=moutarde-du-moulin\" class=\"wc-block-grid__product-link\">\n\t\t\t\t\t\n\t\t\t\t\t<div class=\"wc-block-grid__product-image\"><img decoding=\"async\" width=\"240\" height=\"189\" src=\"https:\/\/www.lamoutarde.ch\/wp-content\/uploads\/2023\/11\/Moulin.jpg\" class=\"attachment-woocommerce_thumbnail size-woocommerce_thumbnail\" alt=\"Moutarde du Moulin\" \/><\/div>\n\t\t\t\t\t<div class=\"wc-block-grid__product-title\">Moutarde du Moulin<\/div>\n\t\t\t\t<\/a>\n\t\t\t\t<div class=\"wc-block-grid__product-price price\"><span class=\"woocommerce-Price-amount amount\"><span class=\"woocommerce-Price-currencySymbol\">&#067;&#072;&#070;<\/span>&nbsp;10.00<\/span><\/div>\n\t\t\t\t\n\t\t\t\t<div class=\"wp-block-button wc-block-grid__product-add-to-cart\"><a href=\"\/index.php?rest_route=%2Fwp%2Fv2%2Fpages%2F88&#038;add-to-cart=180\" aria-label=\"Ajouter au panier\u00a0: &ldquo;Moutarde du Moulin&rdquo;\" data-quantity=\"1\" data-product_id=\"180\" data-product_sku=\"\" data-price=\"10\" rel=\"nofollow\" class=\"wp-block-button__link  add_to_cart_button ajax_add_to_cart\">Ajouter au panier<\/a><\/div>\n\t\t\t<\/li><li class=\"wc-block-grid__product\">\n\t\t\t\t<a href=\"https:\/\/www.lamoutarde.ch\/?product=moutarde-de-la-mere-noel\" class=\"wc-block-grid__product-link\">\n\t\t\t\t\t\n\t\t\t\t\t<div class=\"wc-block-grid__product-image\"><img decoding=\"async\" width=\"240\" height=\"189\" src=\"https:\/\/www.lamoutarde.ch\/wp-content\/uploads\/2023\/11\/Noel.jpg\" class=\"attachment-woocommerce_thumbnail size-woocommerce_thumbnail\" alt=\"Moutarde de la M\u00e8re No\u00ebl\" \/><\/div>\n\t\t\t\t\t<div class=\"wc-block-grid__product-title\">Moutarde de la M\u00e8re No\u00ebl<\/div>\n\t\t\t\t<\/a>\n\t\t\t\t<div class=\"wc-block-grid__product-price price\"><span class=\"woocommerce-Price-amount amount\"><span class=\"woocommerce-Price-currencySymbol\">&#067;&#072;&#070;<\/span>&nbsp;10.00<\/span><\/div>\n\t\t\t\t\n\t\t\t\t<div class=\"wp-block-button wc-block-grid__product-add-to-cart\"><a href=\"\/index.php?rest_route=%2Fwp%2Fv2%2Fpages%2F88&#038;add-to-cart=179\" aria-label=\"Ajouter au panier\u00a0: &ldquo;Moutarde de la M\u00e8re No\u00ebl&rdquo;\" data-quantity=\"1\" data-product_id=\"179\" data-product_sku=\"\" data-price=\"10\" rel=\"nofollow\" class=\"wp-block-button__link  add_to_cart_button ajax_add_to_cart\">Ajouter au panier<\/a><\/div>\n\t\t\t<\/li><li class=\"wc-block-grid__product\">\n\t\t\t\t<a href=\"https:\/\/www.lamoutarde.ch\/?product=moutarde-au-curry\" class=\"wc-block-grid__product-link\">\n\t\t\t\t\t\n\t\t\t\t\t<div class=\"wc-block-grid__product-image\"><img decoding=\"async\" width=\"240\" height=\"189\" src=\"https:\/\/www.lamoutarde.ch\/wp-content\/uploads\/2023\/11\/Orientale.jpg\" class=\"attachment-woocommerce_thumbnail size-woocommerce_thumbnail\" alt=\"Moutarde Orientale\" \/><\/div>\n\t\t\t\t\t<div class=\"wc-block-grid__product-title\">Moutarde Orientale<\/div>\n\t\t\t\t<\/a>\n\t\t\t\t<div class=\"wc-block-grid__product-price price\"><span class=\"woocommerce-Price-amount amount\"><span class=\"woocommerce-Price-currencySymbol\">&#067;&#072;&#070;<\/span>&nbsp;8.00<\/span><\/div>\n\t\t\t\t\n\t\t\t\t<div class=\"wp-block-button wc-block-grid__product-add-to-cart\"><a href=\"\/index.php?rest_route=%2Fwp%2Fv2%2Fpages%2F88&#038;add-to-cart=121\" aria-label=\"Ajouter au panier\u00a0: &ldquo;Moutarde Orientale&rdquo;\" data-quantity=\"1\" data-product_id=\"121\" data-product_sku=\"\" data-price=\"8\" rel=\"nofollow\" class=\"wp-block-button__link  add_to_cart_button ajax_add_to_cart\">Ajouter au panier<\/a><\/div>\n\t\t\t<\/li><li class=\"wc-block-grid__product\">\n\t\t\t\t<a href=\"https:\/\/www.lamoutarde.ch\/?product=moutarde-a-lhuile-parfumee-a-la-truffe\" class=\"wc-block-grid__product-link\">\n\t\t\t\t\t\n\t\t\t\t\t<div class=\"wc-block-grid__product-image\"><img loading=\"lazy\" decoding=\"async\" width=\"240\" height=\"191\" src=\"https:\/\/www.lamoutarde.ch\/wp-content\/uploads\/2023\/11\/chevalier.jpg\" class=\"attachment-woocommerce_thumbnail size-woocommerce_thumbnail\" alt=\"Moutarde du Chevalier\" \/><\/div>\n\t\t\t\t\t<div class=\"wc-block-grid__product-title\">Moutarde du Chevalier<\/div>\n\t\t\t\t<\/a>\n\t\t\t\t<div class=\"wc-block-grid__product-price price\"><span class=\"woocommerce-Price-amount amount\"><span class=\"woocommerce-Price-currencySymbol\">&#067;&#072;&#070;<\/span>&nbsp;10.00<\/span><\/div>\n\t\t\t\t\n\t\t\t\t<div class=\"wp-block-button wc-block-grid__product-add-to-cart\"><a href=\"\/index.php?rest_route=%2Fwp%2Fv2%2Fpages%2F88&#038;add-to-cart=120\" aria-label=\"Ajouter au panier\u00a0: &ldquo;Moutarde du Chevalier&rdquo;\" data-quantity=\"1\" data-product_id=\"120\" data-product_sku=\"\" data-price=\"10\" rel=\"nofollow\" class=\"wp-block-button__link  add_to_cart_button ajax_add_to_cart\">Ajouter au panier<\/a><\/div>\n\t\t\t<\/li><li class=\"wc-block-grid__product\">\n\t\t\t\t<a href=\"https:\/\/www.lamoutarde.ch\/?product=moutarde-au-paprika\" class=\"wc-block-grid__product-link\">\n\t\t\t\t\t\n\t\t\t\t\t<div class=\"wc-block-grid__product-image\"><img loading=\"lazy\" decoding=\"async\" width=\"240\" height=\"189\" src=\"https:\/\/www.lamoutarde.ch\/wp-content\/uploads\/2023\/11\/Licorne.jpg\" class=\"attachment-woocommerce_thumbnail size-woocommerce_thumbnail\" alt=\"Moutarde de la Licorne\" \/><\/div>\n\t\t\t\t\t<div class=\"wc-block-grid__product-title\">Moutarde de la Licorne<\/div>\n\t\t\t\t<\/a>\n\t\t\t\t<div class=\"wc-block-grid__product-price price\"><span class=\"woocommerce-Price-amount amount\"><span class=\"woocommerce-Price-currencySymbol\">&#067;&#072;&#070;<\/span>&nbsp;8.00<\/span><\/div>\n\t\t\t\t\n\t\t\t\t<div class=\"wp-block-button wc-block-grid__product-add-to-cart\"><a href=\"\/index.php?rest_route=%2Fwp%2Fv2%2Fpages%2F88&#038;add-to-cart=119\" aria-label=\"Ajouter au panier\u00a0: &ldquo;Moutarde de la Licorne&rdquo;\" data-quantity=\"1\" data-product_id=\"119\" data-product_sku=\"\" data-price=\"8\" rel=\"nofollow\" class=\"wp-block-button__link  add_to_cart_button ajax_add_to_cart\">Ajouter au panier<\/a><\/div>\n\t\t\t<\/li><li class=\"wc-block-grid__product\">\n\t\t\t\t<a href=\"https:\/\/www.lamoutarde.ch\/?product=moutarde-au-piment-despelette\" class=\"wc-block-grid__product-link\">\n\t\t\t\t\t\n\t\t\t\t\t<div class=\"wc-block-grid__product-image\"><img loading=\"lazy\" decoding=\"async\" width=\"240\" height=\"184\" src=\"https:\/\/www.lamoutarde.ch\/wp-content\/uploads\/2023\/11\/volcan.jpg\" class=\"attachment-woocommerce_thumbnail size-woocommerce_thumbnail\" alt=\"Moutarde du Volcan\" \/><\/div>\n\t\t\t\t\t<div class=\"wc-block-grid__product-title\">Moutarde du Volcan<\/div>\n\t\t\t\t<\/a>\n\t\t\t\t<div class=\"wc-block-grid__product-price price\"><span class=\"woocommerce-Price-amount amount\"><span class=\"woocommerce-Price-currencySymbol\">&#067;&#072;&#070;<\/span>&nbsp;8.00<\/span><\/div>\n\t\t\t\t\n\t\t\t\t<div class=\"wp-block-button wc-block-grid__product-add-to-cart\"><a href=\"\/index.php?rest_route=%2Fwp%2Fv2%2Fpages%2F88&#038;add-to-cart=118\" aria-label=\"Ajouter au panier\u00a0: &ldquo;Moutarde du Volcan&rdquo;\" data-quantity=\"1\" data-product_id=\"118\" data-product_sku=\"\" data-price=\"8\" rel=\"nofollow\" class=\"wp-block-button__link  add_to_cart_button ajax_add_to_cart\">Ajouter au panier<\/a><\/div>\n\t\t\t<\/li><li class=\"wc-block-grid__product\">\n\t\t\t\t<a href=\"https:\/\/www.lamoutarde.ch\/?product=moutarde-a-lail\" class=\"wc-block-grid__product-link\">\n\t\t\t\t\t\n\t\t\t\t\t<div class=\"wc-block-grid__product-image\"><img loading=\"lazy\" decoding=\"async\" width=\"240\" height=\"189\" src=\"https:\/\/www.lamoutarde.ch\/wp-content\/uploads\/2023\/11\/Montagnard.jpg\" class=\"attachment-woocommerce_thumbnail size-woocommerce_thumbnail\" alt=\"Moutarde du Montagnard\" \/><\/div>\n\t\t\t\t\t<div class=\"wc-block-grid__product-title\">Moutarde du Montagnard<\/div>\n\t\t\t\t<\/a>\n\t\t\t\t<div class=\"wc-block-grid__product-price price\"><span class=\"woocommerce-Price-amount amount\"><span class=\"woocommerce-Price-currencySymbol\">&#067;&#072;&#070;<\/span>&nbsp;8.00<\/span><\/div>\n\t\t\t\t\n\t\t\t\t<div class=\"wp-block-button wc-block-grid__product-add-to-cart\"><a href=\"\/index.php?rest_route=%2Fwp%2Fv2%2Fpages%2F88&#038;add-to-cart=117\" aria-label=\"Ajouter au panier\u00a0: &ldquo;Moutarde du Montagnard&rdquo;\" data-quantity=\"1\" data-product_id=\"117\" data-product_sku=\"\" data-price=\"8\" rel=\"nofollow\" class=\"wp-block-button__link  add_to_cart_button ajax_add_to_cart\">Ajouter au panier<\/a><\/div>\n\t\t\t<\/li><li class=\"wc-block-grid__product\">\n\t\t\t\t<a href=\"https:\/\/www.lamoutarde.ch\/?product=moutarde-du-sorcier\" class=\"wc-block-grid__product-link\">\n\t\t\t\t\t\n\t\t\t\t\t<div class=\"wc-block-grid__product-image\"><img loading=\"lazy\" decoding=\"async\" width=\"231\" height=\"189\" src=\"https:\/\/www.lamoutarde.ch\/wp-content\/uploads\/2023\/11\/sorcier.jpg\" class=\"attachment-woocommerce_thumbnail size-woocommerce_thumbnail\" alt=\"Moutarde du Sorcier\" \/><\/div>\n\t\t\t\t\t<div class=\"wc-block-grid__product-title\">Moutarde du Sorcier<\/div>\n\t\t\t\t<\/a>\n\t\t\t\t<div class=\"wc-block-grid__product-price price\"><span class=\"woocommerce-Price-amount amount\"><span class=\"woocommerce-Price-currencySymbol\">&#067;&#072;&#070;<\/span>&nbsp;10.00<\/span><\/div>\n\t\t\t\t\n\t\t\t\t<div class=\"wp-block-button wc-block-grid__product-add-to-cart\"><a href=\"\/index.php?rest_route=%2Fwp%2Fv2%2Fpages%2F88&#038;add-to-cart=51\" aria-label=\"Ajouter au panier\u00a0: &ldquo;Moutarde du Sorcier&rdquo;\" data-quantity=\"1\" data-product_id=\"51\" data-product_sku=\"\" data-price=\"10\" rel=\"nofollow\" class=\"wp-block-button__link  add_to_cart_button ajax_add_to_cart\">Ajouter au panier<\/a><\/div>\n\t\t\t<\/li><li class=\"wc-block-grid__product\">\n\t\t\t\t<a href=\"https:\/\/www.lamoutarde.ch\/?product=moutarde-du-pirate\" class=\"wc-block-grid__product-link\">\n\t\t\t\t\t\n\t\t\t\t\t<div class=\"wc-block-grid__product-image\"><img loading=\"lazy\" decoding=\"async\" width=\"240\" height=\"189\" src=\"https:\/\/www.lamoutarde.ch\/wp-content\/uploads\/2023\/11\/Pirate.jpg\" class=\"attachment-woocommerce_thumbnail size-woocommerce_thumbnail\" alt=\"Moutarde du Pirate\" \/><\/div>\n\t\t\t\t\t<div class=\"wc-block-grid__product-title\">Moutarde du Pirate<\/div>\n\t\t\t\t<\/a>\n\t\t\t\t<div class=\"wc-block-grid__product-price price\"><span class=\"woocommerce-Price-amount amount\"><span class=\"woocommerce-Price-currencySymbol\">&#067;&#072;&#070;<\/span>&nbsp;10.00<\/span><\/div>\n\t\t\t\t\n\t\t\t\t<div class=\"wp-block-button wc-block-grid__product-add-to-cart\"><a href=\"\/index.php?rest_route=%2Fwp%2Fv2%2Fpages%2F88&#038;add-to-cart=45\" aria-label=\"Ajouter au panier\u00a0: &ldquo;Moutarde du Pirate&rdquo;\" data-quantity=\"1\" data-product_id=\"45\" data-product_sku=\"\" data-price=\"10\" rel=\"nofollow\" class=\"wp-block-button__link  add_to_cart_button ajax_add_to_cart\">Ajouter au panier<\/a><\/div>\n\t\t\t<\/li><\/ul><\/div>","protected":false},"excerpt":{"rendered":"<p>Nouveaux produits<\/p>\n","protected":false},"author":1,"featured_media":0,"parent":0,"menu_order":0,"comment_status":"closed","ping_status":"closed","template":"template-homepage.php","meta":{"footnotes":""},"class_list":["post-88","page","type-page","status-publish","hentry"],"jetpack_sharing_enabled":true,"_links":{"self":[{"href":"https:\/\/www.lamoutarde.ch\/index.php?rest_route=\/wp\/v2\/pages\/88","targetHints":{"allow":["GET"]}}],"collection":[{"href":"https:\/\/www.lamoutarde.ch\/index.php?rest_route=\/wp\/v2\/pages"}],"about":[{"href":"https:\/\/www.lamoutarde.ch\/index.php?rest_route=\/wp\/v2\/types\/page"}],"author":[{"embeddable":true,"href":"https:\/\/www.lamoutarde.ch\/index.php?rest_route=\/wp\/v2\/users\/1"}],"replies":[{"embeddable":true,"href":"https:\/\/www.lamoutarde.ch\/index.php?rest_route=%2Fwp%2Fv2%2Fcomments&post=88"}],"version-history":[{"count":16,"href":"https:\/\/www.lamoutarde.ch\/index.php?rest_route=\/wp\/v2\/pages\/88\/revisions"}],"predecessor-version":[{"id":262,"href":"https:\/\/www.lamoutarde.ch\/index.php?rest_route=\/wp\/v2\/pages\/88\/revisions\/262"}],"wp:attachment":[{"href":"https:\/\/www.lamoutarde.ch\/index.php?rest_route=%2Fwp%2Fv2%2Fmedia&parent=88"}],"curies":[{"name":"wp","href":"https:\/\/api.w.org\/{rel}","templated":true}]}}