{"id":120,"date":"2023-09-12T14:43:21","date_gmt":"2023-09-12T14:43:21","guid":{"rendered":"https:\/\/www.lamoutarde.ch\/?post_type=product&#038;p=120"},"modified":"2023-12-13T17:47:05","modified_gmt":"2023-12-13T17:47:05","slug":"moutarde-a-lhuile-parfumee-a-la-truffe","status":"publish","type":"product","link":"https:\/\/www.lamoutarde.ch\/?product=moutarde-a-lhuile-parfumee-a-la-truffe","title":{"rendered":"Moutarde du Chevalier"},"content":{"rendered":"<p>Moutard \u00e0 l&rsquo;ancienne, \u00e0 l&rsquo;huile parfum\u00e9e \u00e0 la truffe<\/p>\n","protected":false},"excerpt":{"rendered":"<p>Moutard \u00e0 l&rsquo;ancienne, \u00e0 l&rsquo;huile parfum\u00e9e \u00e0 la truffe<\/p>\n","protected":false},"featured_media":182,"comment_status":"open","ping_status":"closed","template":"","meta":[],"product_brand":[],"product_cat":[19],"product_tag":[],"class_list":{"0":"post-120","1":"product","2":"type-product","3":"status-publish","4":"has-post-thumbnail","6":"product_cat-moutarde","8":"first","9":"instock","10":"taxable","11":"shipping-taxable","12":"purchasable","13":"product-type-simple"},"jetpack_sharing_enabled":true,"_links":{"self":[{"href":"https:\/\/www.lamoutarde.ch\/index.php?rest_route=\/wp\/v2\/product\/120","targetHints":{"allow":["GET"]}}],"collection":[{"href":"https:\/\/www.lamoutarde.ch\/index.php?rest_route=\/wp\/v2\/product"}],"about":[{"href":"https:\/\/www.lamoutarde.ch\/index.php?rest_route=\/wp\/v2\/types\/product"}],"replies":[{"embeddable":true,"href":"https:\/\/www.lamoutarde.ch\/index.php?rest_route=%2Fwp%2Fv2%2Fcomments&post=120"}],"wp:featuredmedia":[{"embeddable":true,"href":"https:\/\/www.lamoutarde.ch\/index.php?rest_route=\/wp\/v2\/media\/182"}],"wp:attachment":[{"href":"https:\/\/www.lamoutarde.ch\/index.php?rest_route=%2Fwp%2Fv2%2Fmedia&parent=120"}],"wp:term":[{"taxonomy":"product_brand","embeddable":true,"href":"https:\/\/www.lamoutarde.ch\/index.php?rest_route=%2Fwp%2Fv2%2Fproduct_brand&post=120"},{"taxonomy":"product_cat","embeddable":true,"href":"https:\/\/www.lamoutarde.ch\/index.php?rest_route=%2Fwp%2Fv2%2Fproduct_cat&post=120"},{"taxonomy":"product_tag","embeddable":true,"href":"https:\/\/www.lamoutarde.ch\/index.php?rest_route=%2Fwp%2Fv2%2Fproduct_tag&post=120"}],"curies":[{"name":"wp","href":"https:\/\/api.w.org\/{rel}","templated":true}]}}