{"id":179,"date":"2023-11-26T09:54:26","date_gmt":"2023-11-26T09:54:26","guid":{"rendered":"https:\/\/www.lamoutarde.ch\/?post_type=product&#038;p=179"},"modified":"2026-04-06T13:03:46","modified_gmt":"2026-04-06T13:03:46","slug":"moutarde-de-la-mere-noel","status":"publish","type":"product","link":"https:\/\/www.lamoutarde.ch\/?product=moutarde-de-la-mere-noel","title":{"rendered":"Moutarde de la M\u00e8re No\u00ebl"},"content":{"rendered":"<p>Moutarde \u00e0 l&rsquo;ancienne au pain d&rsquo;\u00e9pice<\/p>\n","protected":false},"excerpt":{"rendered":"<p>Moutarde \u00e0 l&rsquo;ancienne au pain d&rsquo;\u00e9pice<\/p>\n","protected":false},"featured_media":186,"comment_status":"open","ping_status":"closed","template":"","meta":[],"product_brand":[],"product_cat":[19],"product_tag":[],"class_list":{"0":"post-179","1":"product","2":"type-product","3":"status-publish","4":"has-post-thumbnail","6":"product_cat-moutarde","8":"first","9":"instock","10":"taxable","11":"shipping-taxable","12":"purchasable","13":"product-type-simple"},"jetpack_sharing_enabled":true,"_links":{"self":[{"href":"https:\/\/www.lamoutarde.ch\/index.php?rest_route=\/wp\/v2\/product\/179","targetHints":{"allow":["GET"]}}],"collection":[{"href":"https:\/\/www.lamoutarde.ch\/index.php?rest_route=\/wp\/v2\/product"}],"about":[{"href":"https:\/\/www.lamoutarde.ch\/index.php?rest_route=\/wp\/v2\/types\/product"}],"replies":[{"embeddable":true,"href":"https:\/\/www.lamoutarde.ch\/index.php?rest_route=%2Fwp%2Fv2%2Fcomments&post=179"}],"wp:featuredmedia":[{"embeddable":true,"href":"https:\/\/www.lamoutarde.ch\/index.php?rest_route=\/wp\/v2\/media\/186"}],"wp:attachment":[{"href":"https:\/\/www.lamoutarde.ch\/index.php?rest_route=%2Fwp%2Fv2%2Fmedia&parent=179"}],"wp:term":[{"taxonomy":"product_brand","embeddable":true,"href":"https:\/\/www.lamoutarde.ch\/index.php?rest_route=%2Fwp%2Fv2%2Fproduct_brand&post=179"},{"taxonomy":"product_cat","embeddable":true,"href":"https:\/\/www.lamoutarde.ch\/index.php?rest_route=%2Fwp%2Fv2%2Fproduct_cat&post=179"},{"taxonomy":"product_tag","embeddable":true,"href":"https:\/\/www.lamoutarde.ch\/index.php?rest_route=%2Fwp%2Fv2%2Fproduct_tag&post=179"}],"curies":[{"name":"wp","href":"https:\/\/api.w.org\/{rel}","templated":true}]}}